{"id":977,"date":"2019-07-23T12:34:13","date_gmt":"2019-07-23T10:34:13","guid":{"rendered":"http:\/\/www.recard.it\/empresa\/recard-nel-mondo\/"},"modified":"2020-03-04T15:24:13","modified_gmt":"2020-03-04T14:24:13","slug":"recard-en-el-mundo","status":"publish","type":"page","link":"https:\/\/www.recard.it\/es\/empresa\/recard-en-el-mundo\/","title":{"rendered":"Recard en el mundo"},"content":{"rendered":"<p>Los n\u00fameros hablan claro: m\u00e1s de 135 m\u00e1quinas continuas distribuidas en todo el mundo (Europa, \u00c1frica, Arabia Saudita, Chile, Argentina, Colombia, M\u00e9xico, Australia, India, China) mitad de las cuales son Crescent Former, muchas con velocidades de producci\u00f3n de 2000m\/min.<\/p>\n<p>Recard posee el liderazgo absoluto en el distrito papelero de Lucca con casi el 50% de todas las m\u00e1quinas de tis\u00fa que funcionan en el territorio y el 60% de todas las Crescent Former.<\/p>\n","protected":false},"excerpt":{"rendered":"<p>Los n\u00fameros hablan claro: m\u00e1s de 135 m\u00e1quinas continuas distribuidas en todo el mundo (Europa, \u00c1frica, Arabia Saudita, Chile, Argentina, Colombia, M\u00e9xico, Australia, India, China) mitad de las cuales son Crescent Former, muchas con velocidades de producci\u00f3n de 2000m\/min. Recard posee el liderazgo absoluto en el distrito papelero de Lucca con casi el 50% de [&hellip;]<\/p>\n","protected":false},"author":7,"featured_media":0,"parent":940,"menu_order":4,"comment_status":"closed","ping_status":"closed","template":"page-mondo.php","meta":{"_acf_changed":false,"inline_featured_image":false,"footnotes":""},"class_list":["post-977","page","type-page","status-publish","hentry"],"acf":[],"yoast_head":"<!-- This site is optimized with the Yoast SEO plugin v27.4 - https:\/\/yoast.com\/product\/yoast-seo-wordpress\/ -->\n<title>Recard en el mundo - Recard<\/title>\n<meta name=\"robots\" content=\"index, follow, max-snippet:-1, max-image-preview:large, max-video-preview:-1\" \/>\n<link rel=\"canonical\" href=\"https:\/\/www.recard.it\/azienda\/recard-nel-mondo\/\" \/>\n<meta property=\"og:locale\" content=\"es_ES\" \/>\n<meta property=\"og:type\" content=\"article\" \/>\n<meta property=\"og:title\" content=\"Recard en el mundo - Recard\" \/>\n<meta property=\"og:description\" content=\"Los n\u00fameros hablan claro: m\u00e1s de 135 m\u00e1quinas continuas distribuidas en todo el mundo (Europa, \u00c1frica, Arabia Saudita, Chile, Argentina, Colombia, M\u00e9xico, Australia, India, China) mitad de las cuales son Crescent Former, muchas con velocidades de producci\u00f3n de 2000m\/min. Recard posee el liderazgo absoluto en el distrito papelero de Lucca con casi el 50% de [&hellip;]\" \/>\n<meta property=\"og:url\" content=\"https:\/\/www.recard.it\/azienda\/recard-nel-mondo\/\" \/>\n<meta property=\"og:site_name\" content=\"Recard\" \/>\n<meta property=\"article:modified_time\" content=\"2020-03-04T14:24:13+00:00\" \/>\n<meta name=\"twitter:card\" content=\"summary_large_image\" \/>\n<script type=\"application\/ld+json\" class=\"yoast-schema-graph\">{\"@context\":\"https:\\\/\\\/schema.org\",\"@graph\":[{\"@type\":\"WebPage\",\"@id\":\"https:\\\/\\\/www.recard.it\\\/azienda\\\/recard-nel-mondo\\\/\",\"url\":\"https:\\\/\\\/www.recard.it\\\/azienda\\\/recard-nel-mondo\\\/\",\"name\":\"Recard en el mundo - Recard\",\"isPartOf\":{\"@id\":\"https:\\\/\\\/www.recard.it\\\/#website\"},\"datePublished\":\"2019-07-23T10:34:13+00:00\",\"dateModified\":\"2020-03-04T14:24:13+00:00\",\"breadcrumb\":{\"@id\":\"https:\\\/\\\/www.recard.it\\\/azienda\\\/recard-nel-mondo\\\/#breadcrumb\"},\"inLanguage\":\"es\",\"potentialAction\":[{\"@type\":\"ReadAction\",\"target\":[\"https:\\\/\\\/www.recard.it\\\/azienda\\\/recard-nel-mondo\\\/\"]}]},{\"@type\":\"BreadcrumbList\",\"@id\":\"https:\\\/\\\/www.recard.it\\\/azienda\\\/recard-nel-mondo\\\/#breadcrumb\",\"itemListElement\":[{\"@type\":\"ListItem\",\"position\":1,\"name\":\"Home RECARD\",\"item\":\"https:\\\/\\\/www.recard.it\\\/es\\\/\"},{\"@type\":\"ListItem\",\"position\":2,\"name\":\"Empresa\",\"item\":\"https:\\\/\\\/www.recard.it\\\/azienda\\\/\"},{\"@type\":\"ListItem\",\"position\":3,\"name\":\"Recard en el mundo\"}]},{\"@type\":\"WebSite\",\"@id\":\"https:\\\/\\\/www.recard.it\\\/#website\",\"url\":\"https:\\\/\\\/www.recard.it\\\/\",\"name\":\"Recard\",\"description\":\"Progettiamo soluzioni tissue innovative per un futuro sostenibile\",\"potentialAction\":[{\"@type\":\"SearchAction\",\"target\":{\"@type\":\"EntryPoint\",\"urlTemplate\":\"https:\\\/\\\/www.recard.it\\\/?s={search_term_string}\"},\"query-input\":{\"@type\":\"PropertyValueSpecification\",\"valueRequired\":true,\"valueName\":\"search_term_string\"}}],\"inLanguage\":\"es\"}]}<\/script>\n<!-- \/ Yoast SEO plugin. -->","yoast_head_json":{"title":"Recard en el mundo - Recard","robots":{"index":"index","follow":"follow","max-snippet":"max-snippet:-1","max-image-preview":"max-image-preview:large","max-video-preview":"max-video-preview:-1"},"canonical":"https:\/\/www.recard.it\/azienda\/recard-nel-mondo\/","og_locale":"es_ES","og_type":"article","og_title":"Recard en el mundo - Recard","og_description":"Los n\u00fameros hablan claro: m\u00e1s de 135 m\u00e1quinas continuas distribuidas en todo el mundo (Europa, \u00c1frica, Arabia Saudita, Chile, Argentina, Colombia, M\u00e9xico, Australia, India, China) mitad de las cuales son Crescent Former, muchas con velocidades de producci\u00f3n de 2000m\/min. Recard posee el liderazgo absoluto en el distrito papelero de Lucca con casi el 50% de [&hellip;]","og_url":"https:\/\/www.recard.it\/azienda\/recard-nel-mondo\/","og_site_name":"Recard","article_modified_time":"2020-03-04T14:24:13+00:00","twitter_card":"summary_large_image","schema":{"@context":"https:\/\/schema.org","@graph":[{"@type":"WebPage","@id":"https:\/\/www.recard.it\/azienda\/recard-nel-mondo\/","url":"https:\/\/www.recard.it\/azienda\/recard-nel-mondo\/","name":"Recard en el mundo - Recard","isPartOf":{"@id":"https:\/\/www.recard.it\/#website"},"datePublished":"2019-07-23T10:34:13+00:00","dateModified":"2020-03-04T14:24:13+00:00","breadcrumb":{"@id":"https:\/\/www.recard.it\/azienda\/recard-nel-mondo\/#breadcrumb"},"inLanguage":"es","potentialAction":[{"@type":"ReadAction","target":["https:\/\/www.recard.it\/azienda\/recard-nel-mondo\/"]}]},{"@type":"BreadcrumbList","@id":"https:\/\/www.recard.it\/azienda\/recard-nel-mondo\/#breadcrumb","itemListElement":[{"@type":"ListItem","position":1,"name":"Home RECARD","item":"https:\/\/www.recard.it\/es\/"},{"@type":"ListItem","position":2,"name":"Empresa","item":"https:\/\/www.recard.it\/azienda\/"},{"@type":"ListItem","position":3,"name":"Recard en el mundo"}]},{"@type":"WebSite","@id":"https:\/\/www.recard.it\/#website","url":"https:\/\/www.recard.it\/","name":"Recard","description":"Progettiamo soluzioni tissue innovative per un futuro sostenibile","potentialAction":[{"@type":"SearchAction","target":{"@type":"EntryPoint","urlTemplate":"https:\/\/www.recard.it\/?s={search_term_string}"},"query-input":{"@type":"PropertyValueSpecification","valueRequired":true,"valueName":"search_term_string"}}],"inLanguage":"es"}]}},"_links":{"self":[{"href":"https:\/\/www.recard.it\/es\/wp-json\/wp\/v2\/pages\/977","targetHints":{"allow":["GET"]}}],"collection":[{"href":"https:\/\/www.recard.it\/es\/wp-json\/wp\/v2\/pages"}],"about":[{"href":"https:\/\/www.recard.it\/es\/wp-json\/wp\/v2\/types\/page"}],"author":[{"embeddable":true,"href":"https:\/\/www.recard.it\/es\/wp-json\/wp\/v2\/users\/7"}],"replies":[{"embeddable":true,"href":"https:\/\/www.recard.it\/es\/wp-json\/wp\/v2\/comments?post=977"}],"version-history":[{"count":2,"href":"https:\/\/www.recard.it\/es\/wp-json\/wp\/v2\/pages\/977\/revisions"}],"predecessor-version":[{"id":980,"href":"https:\/\/www.recard.it\/es\/wp-json\/wp\/v2\/pages\/977\/revisions\/980"}],"up":[{"embeddable":true,"href":"https:\/\/www.recard.it\/es\/wp-json\/wp\/v2\/pages\/940"}],"wp:attachment":[{"href":"https:\/\/www.recard.it\/es\/wp-json\/wp\/v2\/media?parent=977"}],"curies":[{"name":"wp","href":"https:\/\/api.w.org\/{rel}","templated":true}]}}